{"id":868,"date":"2024-07-18T09:25:40","date_gmt":"2024-07-18T07:25:40","guid":{"rendered":"https:\/\/gitelechevalblanc.fr\/?page_id=868"},"modified":"2024-07-18T10:34:08","modified_gmt":"2024-07-18T08:34:08","slug":"mentions-legales","status":"publish","type":"page","link":"https:\/\/gitelechevalblanc.fr\/index.php\/mentions-legales\/","title":{"rendered":"Mentions l\u00e9gales"},"content":{"rendered":"<div data-colibri-id=\"868-c1\" class=\"style-571 style-local-868-c1 position-relative\">\n  <!---->\n  <div data-colibri-component=\"section\" data-colibri-id=\"868-c2\" id=\"about\" class=\"h-section h-section-global-spacing d-flex align-items-lg-center align-items-md-center align-items-center style-572 style-local-868-c2 position-relative\">\n    <!---->\n    <!---->\n    <div class=\"h-section-grid-container h-section-boxed-container\">\n      <!---->\n      <div data-colibri-id=\"868-c3\" class=\"h-row-container gutters-row-lg-2 gutters-row-md-2 gutters-row-2 gutters-row-v-lg-2 gutters-row-v-md-2 gutters-row-v-2 style-573 style-local-868-c3 position-relative\">\n        <!---->\n        <div class=\"h-row justify-content-lg-center justify-content-md-center justify-content-center align-items-lg-stretch align-items-md-stretch align-items-stretch gutters-col-lg-2 gutters-col-md-2 gutters-col-2 gutters-col-v-lg-2 gutters-col-v-md-2 gutters-col-v-2\">\n          <!---->\n          <div class=\"h-column h-column-container d-flex h-col-lg-auto h-col-md-auto h-col-auto style-574-outer style-local-868-c4-outer\">\n            <div data-colibri-id=\"868-c4\" class=\"d-flex h-flex-basis h-column__inner h-px-lg-2 h-px-md-2 h-px-2 v-inner-lg-2 v-inner-md-2 v-inner-2 style-574 style-local-868-c4 position-relative\">\n              <!---->\n              <!---->\n              <div class=\"w-100 h-y-container h-column__content h-column__v-align flex-basis-100 align-self-lg-center align-self-md-center align-self-center\">\n                <!---->\n                <div data-colibri-id=\"868-c7\" class=\"h-lead h-text h-text-component style-577 style-local-868-c7 position-relative h-element\">\n                  <!---->\n                  <!---->\n                  <div class=\"\">\n                    <p>\n                      <br>\n                    <\/p>\n                    <h6><span style=\"font-weight: 700; font-size: 200%;\">Pr\u00e9sentation du site<\/span><\/h6>\n                    <p>\n                      <br>\n                    <\/p>\n                    <h6><span style=\"font-weight: 600;\">Raison Sociale : G\u00eete du Cheval Blanc<br><\/span><\/h6>\n                    <h6><span style=\"font-weight: 600;\">Adresse : 58A Rue principale<\/span><\/h6>\n                    <h6><span style=\"font-weight: 600;\">CP \u2013 Ville : 68560 RUEDERBACH<\/span><\/h6>\n                    <h6><span style=\"font-weight: 600;\">Num\u00e9ro de t\u00e9l\u00e9phone : 0676592498<\/span><\/h6>\n                    <h6><span style=\"font-weight: 600;\">Propri\u00e9taire : G\u00eete du Cheval Blanc<\/span><\/h6>\n                    <h6><span style=\"font-weight: 600;\">Cr\u00e9atrice : Cindy VIDALE pour Ad\u00e9quation Web <\/span>\n                      <a href=\"https:\/\/www.adequationweb.com\" style=\"font-weight: 600;\" target=\"_blank\" class=\"customize-unpreviewable\" rel=\"noopener\">www.adequationweb.com<\/a>\n                    <\/h6>\n                    <h6><span style=\"font-weight: 600;\">Site internet : <\/span>\n                      <a href=\"https:\/\/gitelechevalblanc.fr\" style=\"font-weight: 600;\" target=\"_blank\" rel=\"noopener\">https:\/\/gitelechevalblanc.fr<\/a>\n                    <\/h6>\n                    <h6><span style=\"font-weight: 600;\">H\u00e9bergement : <\/span>\n                      <a href=\"https:\/\/www.ionos.fr\" style=\"font-weight: 600;\" target=\"_blank\" class=\"customize-unpreviewable\" rel=\"noopener\">Ionos.fr<\/a>\n                    <\/h6>\n                    <h6><span style=\"font-weight: 600;\">Cr\u00e9dits photo : G\u00eete du Cheval Blanc \/ Ad\u00e9quation Web \/ Photos libre de droits<\/span><\/h6>\n                    <h6><span style=\"font-weight: 600;\">Protection des donn\u00e9es personnelles<\/span><\/h6>\n                    <h6><span style=\"font-weight: 600;\">Aucune information personnelle n\u2019est c\u00e9d\u00e9e \u00e0 des tiers.<\/span><\/h6>\n                    <p>\n                      <br>\n                    <\/p>\n                    <p>\n                      <br>\n                    <\/p>\n                    <p>\n                      <br>\n                    <\/p>\n                    <p>\n                      <br>\n                    <\/p>\n                  <\/div>\n                <\/div>\n              <\/div>\n            <\/div>\n          <\/div>\n          <div class=\"h-column h-column-container d-flex h-col-lg-auto h-col-md-auto h-col-auto style-580-outer style-local-868-c10-outer\">\n            <div data-colibri-id=\"868-c10\" class=\"d-flex h-flex-basis h-column__inner h-px-lg-2 h-px-md-2 h-px-2 v-inner-lg-2 v-inner-md-2 v-inner-2 style-580 style-local-868-c10 position-relative\">\n              <!---->\n              <!---->\n              <div class=\"w-100 h-y-container h-column__content h-column__v-align flex-basis-100 align-self-lg-center align-self-md-center align-self-center\">\n                <!---->\n                <div data-colibri-id=\"868-c11\" class=\"d-block style-581 style-local-868-c11 position-relative h-element\">\n                  <!---->\n                  <div class=\"h-image__frame-container-outer\">\n                    <div class=\"h-image__frame-container\">\n                      <!---->\n                      <!---->\n                      <img loading=\"lazy\" decoding=\"async\" width=\"1280\" height=\"1070\" src=\"http:\/\/gitelechevalblanc.fr\/wp-content\/uploads\/2024\/07\/laptop-2298286_1280.png\" class=\"wp-image-871 style-581-image style-local-868-c11-image\" alt=\"\" srcset=\"https:\/\/gitelechevalblanc.fr\/wp-content\/uploads\/2024\/07\/laptop-2298286_1280.png 1280w, https:\/\/gitelechevalblanc.fr\/wp-content\/uploads\/2024\/07\/laptop-2298286_1280-300x251.png 300w, https:\/\/gitelechevalblanc.fr\/wp-content\/uploads\/2024\/07\/laptop-2298286_1280-1024x856.png 1024w, https:\/\/gitelechevalblanc.fr\/wp-content\/uploads\/2024\/07\/laptop-2298286_1280-768x642.png 768w\" sizes=\"auto, (max-width: 1280px) 100vw, 1280px\" \/>\n                      <div class=\"h-image__frame h-hide-sm style-581-frameImage style-local-868-c11-frameImage\"><\/div>\n                    <\/div>\n                  <\/div>\n                <\/div>\n              <\/div>\n            <\/div>\n          <\/div>\n        <\/div>\n      <\/div>\n    <\/div>\n  <\/div>\n  <div data-colibri-component=\"section\" data-colibri-id=\"868-c12\" id=\"custom\" class=\"h-section h-section-global-spacing d-flex align-items-lg-center align-items-md-center align-items-center style-582 style-local-868-c12 position-relative\">\n    <!---->\n    <!---->\n    <div class=\"h-section-grid-container h-section-boxed-container\">\n      <!---->\n      <div data-colibri-id=\"868-c13\" class=\"h-row-container gutters-row-lg-2 gutters-row-md-2 gutters-row-0 gutters-row-v-lg-2 gutters-row-v-md-2 gutters-row-v-2 style-583 style-local-868-c13 position-relative\">\n        <!---->\n        <div class=\"h-row justify-content-lg-center justify-content-md-center justify-content-center align-items-lg-stretch align-items-md-stretch align-items-stretch gutters-col-lg-2 gutters-col-md-2 gutters-col-0 gutters-col-v-lg-2 gutters-col-v-md-2 gutters-col-v-2\">\n          <!---->\n          <div class=\"h-column h-column-container d-flex h-col-lg-auto h-col-md-auto h-col-auto style-584-outer style-local-868-c14-outer\">\n            <div data-colibri-id=\"868-c14\" class=\"d-flex h-flex-basis h-column__inner h-px-lg-2 h-px-md-2 h-px-2 v-inner-lg-2 v-inner-md-2 v-inner-2 style-584 style-local-868-c14 position-relative\">\n              <!---->\n              <!---->\n              <div class=\"w-100 h-y-container h-column__content h-column__v-align flex-basis-100 align-self-lg-start align-self-md-start align-self-start\">\n                <!---->\n                <div data-colibri-id=\"868-c15\" class=\"h-text h-text-component style-585 style-local-868-c15 position-relative h-element\">\n                  <!---->\n                  <!---->\n                  <div class=\"\">\n                    <h3><span style=\"font-weight: 600;\">Cookie<\/span><\/h3>\n                    <h6><span style=\"font-weight: 400;\">Ce site implante un ou plusieurs cookies pour pouvoir fonctionner. <br>Seul les cookies n\u00e9cessaires au bon fonctionnement du site Internet vous sont propos\u00e9s. <br>Ces cookies ne sont ni utilis\u00e9s pour vous tracker ni pour r\u00e9colter des donn\u00e9es personnelles. <br>Ces cookies sont plac\u00e9s en accord avec la l\u00e9gislation RGPD.<\/span><\/h6>\n                    <p>\n                      <br>\n                    <\/p>\n                    <h3><span style=\"font-weight: 600;\">Propri\u00e9t\u00e9 intellectuelle et contrefa\u00e7ons<\/span><\/h3>\n                    <h6><span style=\"color: rgb(6, 6, 6); font-weight: 400;\">Le G\u00eete du Cheval Blanc est propri\u00e9taire des droits de propri\u00e9t\u00e9 intellectuelle et ou d\u00e9tient les droits d\u2019usage sur tous les \u00e9l\u00e9ments accessibles sur le site, notamment les textes, images (sauf mention contraire), graphismes.<\/span><\/h6>\n                    <h6><span style=\"color: rgb(6, 6, 6); font-weight: 400;\">Toute reproduction, repr\u00e9sentation, modification, publication, adaptation rien qu\u2019en partie des \u00e9l\u00e9ments du site, quel que soit le moyen ou le proc\u00e9d\u00e9 utilis\u00e9, est interdite, sauf autorisation contraire et de la volont\u00e9 du&nbsp;G\u00eete du Cheval Blancet de ses propri\u00e9taires. <\/span>\n                      <span\n                        style=\"color: rgb(6, 6, 6); font-weight: 400;\">\n                        <br>\n                        <\/span>\n                    <\/h6>\n                    <h6><span style=\"color: rgb(6, 6, 6); font-weight: 400;\">De ce fait toute exploitation non autoris\u00e9e du site ou de l\u2019un quelconque des \u00e9l\u00e9ments qu\u2019il contient sera consid\u00e9r\u00e9e comme constitutive d\u2019une contrefa\u00e7on et poursuivie conform\u00e9ment aux dispositions des articles L.335-2 et suivants du Code de Propri\u00e9t\u00e9 Intellectuelle.<\/span><\/h6>\n                    <p>\n                      <br>\n                    <\/p>\n                  <\/div>\n                <\/div>\n              <\/div>\n            <\/div>\n          <\/div>\n        <\/div>\n      <\/div>\n    <\/div>\n  <\/div>\n<\/div>","protected":false},"excerpt":{"rendered":"<p>Pr\u00e9sentation du site Raison Sociale : G\u00eete du Cheval Blanc Adresse : 58A Rue principale CP \u2013 Ville : 68560 RUEDERBACH Num\u00e9ro de t\u00e9l\u00e9phone : 0676592498 Propri\u00e9taire : G\u00eete du Cheval Blanc Cr\u00e9atrice : Cindy VIDALE pour Ad\u00e9quation Web www.adequationweb.com Site internet : https:\/\/gitelechevalblanc.fr H\u00e9bergement : Ionos.fr Cr\u00e9dits photo : G\u00eete du Cheval Blanc \/ [&hellip;]<\/p>\n","protected":false},"author":1,"featured_media":0,"parent":0,"menu_order":0,"comment_status":"closed","ping_status":"closed","template":"page-templates\/full-width-page.php","meta":{"footnotes":""},"class_list":["post-868","page","type-page","status-publish","hentry"],"_links":{"self":[{"href":"https:\/\/gitelechevalblanc.fr\/index.php\/wp-json\/wp\/v2\/pages\/868","targetHints":{"allow":["GET"]}}],"collection":[{"href":"https:\/\/gitelechevalblanc.fr\/index.php\/wp-json\/wp\/v2\/pages"}],"about":[{"href":"https:\/\/gitelechevalblanc.fr\/index.php\/wp-json\/wp\/v2\/types\/page"}],"author":[{"embeddable":true,"href":"https:\/\/gitelechevalblanc.fr\/index.php\/wp-json\/wp\/v2\/users\/1"}],"replies":[{"embeddable":true,"href":"https:\/\/gitelechevalblanc.fr\/index.php\/wp-json\/wp\/v2\/comments?post=868"}],"version-history":[{"count":3,"href":"https:\/\/gitelechevalblanc.fr\/index.php\/wp-json\/wp\/v2\/pages\/868\/revisions"}],"predecessor-version":[{"id":880,"href":"https:\/\/gitelechevalblanc.fr\/index.php\/wp-json\/wp\/v2\/pages\/868\/revisions\/880"}],"wp:attachment":[{"href":"https:\/\/gitelechevalblanc.fr\/index.php\/wp-json\/wp\/v2\/media?parent=868"}],"curies":[{"name":"wp","href":"https:\/\/api.w.org\/{rel}","templated":true}]}}